{"id":3,"date":"2022-12-10T13:36:52","date_gmt":"2022-12-10T13:36:52","guid":{"rendered":"http:\/\/2rlab.eu\/?page_id=3"},"modified":"2022-12-12T11:55:31","modified_gmt":"2022-12-12T11:55:31","slug":"privacy-policy","status":"publish","type":"page","link":"https:\/\/2rlab.eu\/lt\/privacy-policy\/","title":{"rendered":"Privacy Policy"},"content":{"rendered":"<p>[et_pb_section fb_built=&#8221;1&#8243; _builder_version=&#8221;4.16&#8243; global_colors_info=&#8221;{}&#8221;][et_pb_row _builder_version=&#8221;4.16&#8243; background_size=&#8221;initial&#8221; background_position=&#8221;top_left&#8221; background_repeat=&#8221;repeat&#8221; global_colors_info=&#8221;{}&#8221;][et_pb_column type=&#8221;4_4&#8243; _builder_version=&#8221;4.16&#8243; custom_padding=&#8221;|||&#8221; global_colors_info=&#8221;{}&#8221; custom_padding__hover=&#8221;|||&#8221;][et_pb_text _builder_version=&#8221;4.19.2&#8243; background_size=&#8221;initial&#8221; background_position=&#8221;top_left&#8221; background_repeat=&#8221;repeat&#8221; hover_enabled=&#8221;0&#8243; global_colors_info=&#8221;{}&#8221; content_es_es=&#8221;<\/p>\n<p><strong>Pol\u00edtica de privacidad<\/strong><br \/><strong>Quienes somos<\/strong><br \/>La direcci\u00f3n de nuestro sitio web es: http:\/\/2rlab.eu.<br \/><strong>Comentarios<\/strong><br \/>Cuando los visitantes dejan comentarios en el sitio, recopilamos los datos que se muestran en el formulario de comentarios, y tambi\u00e9n la direcci\u00f3n IP del visitante y la cadena del agente de usuario del navegador para ayudar a la detecci\u00f3n de spam.<br \/>Se puede proporcionar una cadena an\u00f3nima creada a partir de su direcci\u00f3n de correo electr\u00f3nico (tambi\u00e9n llamada hash) al servicio Gravatar para ver si la est\u00e1 utilizando. La pol\u00edtica de privacidad del servicio Gravatar est\u00e1 disponible aqu\u00ed: https:\/\/automattic.com\/privacy\/. Despu\u00e9s de la aprobaci\u00f3n de su comentario, su foto de perfil es visible para el p\u00fablico en el contexto de su comentario.<br \/><strong>Medios de comunicaci\u00f3n<\/strong><br \/>Si subes im\u00e1genes al sitio web, debes evitar subir im\u00e1genes con datos de ubicaci\u00f3n incrustados (GPS EXIF) incluidos. Los visitantes del sitio web pueden descargar y extraer cualquier dato de ubicaci\u00f3n de las im\u00e1genes del sitio web.<br \/><strong>Cookies<\/strong><br \/>Si deja un comentario en nuestro sitio, puede optar por guardar su nombre, direcci\u00f3n de correo electr\u00f3nico y sitio web en cookies. Estos son para su comodidad, para que no tenga que volver a rellenar sus datos cuando deje otro comentario. Estas cookies tendr\u00e1n una duraci\u00f3n de un a\u00f1o.<br \/>Si visita nuestra p\u00e1gina de inicio de sesi\u00f3n, estableceremos una cookie temporal para determinar si su navegador acepta cookies. Esta cookie no contiene datos personales y se descarta cuando cierra su navegador.<br \/>Cuando inicie sesi\u00f3n, tambi\u00e9n configuraremos varias cookies para guardar su informaci\u00f3n de inicio de sesi\u00f3n y sus opciones de visualizaci\u00f3n de pantalla. Las cookies de inicio de sesi\u00f3n duran dos d\u00edas y las cookies de opciones de pantalla duran un a\u00f1o. Si selecciona %22Recordarme%22, su inicio de sesi\u00f3n persistir\u00e1 durante dos semanas. Si cierra sesi\u00f3n en su cuenta, se eliminar\u00e1n las cookies de inicio de sesi\u00f3n.<br \/>Si edita o publica un art\u00edculo, se guardar\u00e1 una cookie adicional en su navegador. Esta cookie no incluye datos personales y simplemente indica el ID de publicaci\u00f3n del art\u00edculo que acaba de editar. Caduca despu\u00e9s de 1 d\u00eda.<br \/><strong>Contenido incrustado de otros sitios web<\/strong><br \/>Los art\u00edculos en este sitio pueden incluir contenido incrustado (por ejemplo, videos, im\u00e1genes, art\u00edculos, etc.). El contenido incrustado de otros sitios web se comporta exactamente de la misma manera que si el visitante hubiera visitado el otro sitio web.<br \/>Estos sitios web pueden recopilar datos sobre usted, usar cookies, incrustar un seguimiento adicional de terceros y monitorear su interacci\u00f3n con ese contenido incrustado, incluido el seguimiento de su interacci\u00f3n con el contenido incrustado si tiene una cuenta y ha iniciado sesi\u00f3n en ese sitio web.<br \/><strong>Con qui\u00e9n compartimos sus datos<\/strong><br \/>Si solicita un restablecimiento de contrase\u00f1a, su direcci\u00f3n IP se incluir\u00e1 en el correo electr\u00f3nico de restablecimiento.<br \/><strong>Cu\u00e1nto tiempo conservamos sus datos<\/strong><br \/>Si deja un comentario, el comentario y sus metadatos se conservan indefinidamente. Esto es para que podamos reconocer y aprobar cualquier comentario de seguimiento autom\u00e1ticamente en lugar de mantenerlos en una cola de moderaci\u00f3n.<br \/>Para los usuarios que se registran en nuestro sitio web (si los hay), tambi\u00e9n almacenamos la informaci\u00f3n personal que proporcionan en su perfil de usuario. Todos los usuarios pueden ver, editar o eliminar su informaci\u00f3n personal en cualquier momento (excepto que no pueden cambiar su nombre de usuario). Los administradores del sitio web tambi\u00e9n pueden ver y editar esa informaci\u00f3n.<br \/><strong>Qu\u00e9 derechos tienes sobre tus datos<\/strong><br \/>Si tiene una cuenta en este sitio o ha dejado comentarios, puede solicitar recibir un archivo exportado de los datos personales que tenemos sobre usted, incluidos los datos que nos haya proporcionado. Tambi\u00e9n puede solicitar que eliminemos cualquier dato personal que tengamos sobre usted. Esto no incluye ning\u00fan dato que estemos obligados a conservar con fines administrativos, legales o de seguridad.<br \/><strong>D\u00f3nde se env\u00edan sus datos<\/strong><br \/>Los comentarios de los visitantes puede que los revise un servicio de detecci\u00f3n autom\u00e1tica de spam.<\/p>\n<p>&#8221; content_lt_lt=&#8221;<\/p>\n<p><strong>Privatumo politika<\/strong><br \/><strong>Kas mes esame<\/strong><br \/>M\u016bs\u0173 svetain\u0117s adresas: http:\/\/2rlab.eu.<br \/><strong>Komentarai<\/strong><br \/>Kai lankytojai palieka komentarus svetain\u0117je, mes renkame duomenis, rodomus komentar\u0173 formoje, taip pat lankytojo IP adres\u0105 ir nar\u0161ykl\u0117s vartotojo agento eilut\u0119, kad pad\u0117tume aptikti \u0161iuk\u0161les.<br \/>Anonimin\u0117 eilut\u0117, sukurta i\u0161 j\u016bs\u0173 el. pa\u0161to adreso (taip pat vadinama mai\u0161a), gali b\u016bti pateikta \u201eGravatar\u201c paslaugai, kad b\u016bt\u0173 galima patikrinti, ar j\u0105 naudojate. Su Gravatar paslaugos privatumo politika galite susipa\u017einti \u010dia: https:\/\/automattic.com\/privacy\/. Patvirtinus j\u016bs\u0173 komentar\u0105, j\u016bs\u0173 profilio nuotrauka bus matoma vie\u0161ai j\u016bs\u0173 komentaro kontekste.<br \/><strong>\u017diniasklaida<\/strong><br \/>Jei \u012fkeliate vaizdus \u012f svetain\u0119, netur\u0117tum\u0117te \u012fkelti vaizd\u0173 su \u012fterptais vietos duomenimis (EXIF GPS). Svetain\u0117s lankytojai gali atsisi\u0173sti ir i\u0161gauti bet kokius vietos duomenis i\u0161 svetain\u0117je esan\u010di\u0173 vaizd\u0173.<br \/><strong>Slapukai<\/strong><br \/>Jei paliksite komentar\u0105 m\u016bs\u0173 svetain\u0117je, galite pasirinkti i\u0161saugoti savo vard\u0105, el. pa\u0161to adres\u0105 ir svetain\u0119 slapukuose. Tai yra j\u016bs\u0173 patogumui, kad jums nereik\u0117t\u0173 dar kart\u0105 pildyti savo duomen\u0173, kai paliekate kit\u0105 komentar\u0105. \u0160ie slapukai galios vienerius metus.<br \/>Jei apsilankysite m\u016bs\u0173 prisijungimo puslapyje, nustatysime laikin\u0105 slapuk\u0105, kad nustatyt\u0173, ar j\u016bs\u0173 nar\u0161ykl\u0117 priima slapukus. \u0160iame slapuke n\u0117ra asmenini\u0173 duomen\u0173 ir jis pa\u0161alinamas, kai u\u017edarote nar\u0161ykl\u0119.<br \/>Kai prisijungsite, mes taip pat nustatysime kelis slapukus, kad i\u0161saugotume prisijungimo informacij\u0105 ir ekrano rodymo parinktis. Prisijungimo slapukai galioja dvi dienas, o ekrano parink\u010di\u0173 slapukai \u2013 metus. Jei pasirinksite \u201ePrisiminti mane\u201c, j\u016bs\u0173 prisijungimas i\u0161liks dvi savaites. Jei atsijungsite nuo savo paskyros, prisijungimo slapukai bus pa\u0161alinti.<br \/>Jei redaguosite ar paskelbsite straipsn\u012f, j\u016bs\u0173 nar\u0161ykl\u0117je bus i\u0161saugotas papildomas slapukas. \u0160is slapukas neapima asmenini\u0173 duomen\u0173 ir tiesiog nurodo k\u0105 tik redaguoto straipsnio \u012fra\u0161o ID. Jis baigiasi po 1 dienos.<br \/><strong>\u012eterptas turinys i\u0161 kit\u0173 svetaini\u0173<\/strong><br \/>\u0160ios svetain\u0117s straipsniuose gali b\u016bti \u012fterpto turinio (pvz., vaizdo \u012fra\u0161\u0173, vaizd\u0173, straipsni\u0173 ir kt.). \u012eterptas turinys i\u0161 kit\u0173 svetaini\u0173 veikia lygiai taip pat, lyg lankytojas apsilankyt\u0173 kitoje svetain\u0117je.<br \/>\u0160ios svetain\u0117s gali rinkti duomenis apie jus, naudoti slapukus, \u012fterpti papildom\u0105 tre\u010di\u0173j\u0173 \u0161ali\u0173 steb\u0117jim\u0105 ir steb\u0117ti j\u016bs\u0173 s\u0105veik\u0105 su tuo \u012fterptu turiniu, \u012fskaitant s\u0105veikos su \u012fterptuoju turiniu steb\u0117jim\u0105, jei turite paskyr\u0105 ir esate prisijung\u0119 prie tos svetain\u0117s.<br \/><strong>Su kuo dalijam\u0117s j\u016bs\u0173 duomenimis<\/strong><br \/>Jei papra\u0161ysite i\u0161 naujo nustatyti slapta\u017eod\u012f, j\u016bs\u0173 IP adresas bus \u012ftrauktas \u012f atk\u016brimo el. lai\u0161k\u0105.<br \/><strong>Kiek laiko saugome j\u016bs\u0173 duomenis<\/strong><br \/>Jei paliksite komentar\u0105, komentaras ir jo metaduomenys bus saugomi neribot\u0105 laik\u0105. Taip galime automati\u0161kai atpa\u017einti ir patvirtinti visus tolesnius komentarus, o ne laikyti juos moderavimo eil\u0117je.<br \/>Vartotojams, kurie u\u017esiregistruoja m\u016bs\u0173 svetain\u0117je (jei yra), mes taip pat saugome asmenin\u0119 informacij\u0105, kuri\u0105 jie pateikia savo vartotojo profilyje. Visi vartotojai gali bet kada matyti, redaguoti arba i\u0161trinti savo asmenin\u0119 informacij\u0105 (i\u0161skyrus atvejus, kai jie negali pakeisti savo vartotojo vardo). Svetain\u0117s administratoriai taip pat gali matyti ir redaguoti \u0161i\u0105 informacij\u0105.<br \/><strong>Kokias teises turite \u012f savo duomenis<\/strong><br \/>Jei turite paskyr\u0105 \u0161ioje svetain\u0117je arba palikote komentar\u0173, galite pra\u0161yti gauti eksportuot\u0105 m\u016bs\u0173 turim\u0173 asmens duomen\u0173 fail\u0105, \u012fskaitant visus duomenis, kuriuos mums pateik\u0117te. Taip pat galite pra\u0161yti, kad i\u0161trintume visus m\u016bs\u0173 turimus asmeninius duomenis apie jus. Tai neapima joki\u0173 duomen\u0173, kuriuos privalome saugoti administraciniais, teisiniais ar saugumo tikslais.<br \/><strong>Kur siun\u010diami j\u016bs\u0173 duomenys<\/strong><br \/>Lankytoj\u0173 komentarai gali b\u016bti tikrinami naudojant automatin\u0119 \u0161lam\u0161to aptikimo paslaug\u0105.<\/p>\n<p>&#8221; sticky_enabled=&#8221;0&#8243;]<\/p>\n<p><!-- divi:heading --><\/p>\n<p style=\"font-weight: 400;\"><strong>Privacy policy<\/strong><\/p>\n<p style=\"font-weight: 400;\"><strong>Who we are<\/strong><\/p>\n<p>Our website address is: http:\/\/2rlab.eu.<\/p>\n<p style=\"font-weight: 400;\"><strong>Comments<\/strong><\/p>\n<p>When visitors leave comments on the site we collect the data shown in the comments form, and also the visitor\u2019s IP address and browser user agent string to help spam detection.<\/p>\n<p>An anonymized string created from your email address (also called a hash) may be provided to the Gravatar service to see if you are using it. The Gravatar service privacy policy is available here: https:\/\/automattic.com\/privacy\/. After approval of your comment, your profile picture is visible to the public in the context of your comment.<\/p>\n<p style=\"font-weight: 400;\"><strong>Media<\/strong><\/p>\n<p>If you upload images to the website, you should avoid uploading images with embedded location data (EXIF GPS) included. Visitors to the website can download and extract any location data from images on the website.<\/p>\n<p style=\"font-weight: 400;\"><strong>Cookies<\/strong><\/p>\n<p>If you leave a comment on our site you may opt-in to saving your name, email address and website in cookies. These are for your convenience so that you do not have to fill in your details again when you leave another comment. These cookies will last for one year.<\/p>\n<p>If you visit our login page, we will set a temporary cookie to determine if your browser accepts cookies. This cookie contains no personal data and is discarded when you close your browser.<\/p>\n<p>When you log in, we will also set up several cookies to save your login information and your screen display choices. Login cookies last for two days, and screen options cookies last for a year. If you select &#8222;Remember Me&#8221;, your login will persist for two weeks. If you log out of your account, the login cookies will be removed.<\/p>\n<p>If you edit or publish an article, an additional cookie will be saved in your browser. This cookie includes no personal data and simply indicates the post ID of the article you just edited. It expires after 1 day.<\/p>\n<p style=\"font-weight: 400;\"><strong>Embedded content from other websites<\/strong><\/p>\n<p>Articles on this site may include embedded content (e.g. videos, images, articles, etc.). Embedded content from other websites behaves in the exact same way as if the visitor has visited the other website.<\/p>\n<p>These websites may collect data about you, use cookies, embed additional third-party tracking, and monitor your interaction with that embedded content, including tracking your interaction with the embedded content if you have an account and are logged in to that website.<\/p>\n<p style=\"font-weight: 400;\"><strong>Who we share your data with<\/strong><\/p>\n<p>If you request a password reset, your IP address will be included in the reset email.<\/p>\n<p style=\"font-weight: 400;\"><strong>How long we retain your data<\/strong><\/p>\n<p>If you leave a comment, the comment and its metadata are retained indefinitely. This is so we can recognize and approve any follow-up comments automatically instead of holding them in a moderation queue.<\/p>\n<p>For users that register on our website (if any), we also store the personal information they provide in their user profile. All users can see, edit, or delete their personal information at any time (except they cannot change their username). Website administrators can also see and edit that information.<\/p>\n<p style=\"font-weight: 400;\"><strong>What rights you have over your data<\/strong><\/p>\n<p>If you have an account on this site, or have left comments, you can request to receive an exported file of the personal data we hold about you, including any data you have provided to us. You can also request that we erase any personal data we hold about you. This does not include any data we are obliged to keep for administrative, legal, or security purposes.<\/p>\n<p style=\"font-weight: 400;\"><strong>Where your data is sent<\/strong><\/p>\n<p><span style=\"font-weight: 400;\">Visitor comments may be checked through an automated spam detection service.<\/span><\/p>\n<p><!-- \/divi:paragraph --><\/p>\n<p>[\/et_pb_text][\/et_pb_column][\/et_pb_row][\/et_pb_section]<\/p>\n","protected":false},"excerpt":{"rendered":"<p>Privacy policy Who we are Our website address is: http:\/\/2rlab.eu. Comments When visitors leave comments on the site we collect the data shown in the comments form, and also the visitor\u2019s IP address and browser user agent string to help spam detection. An anonymized string created from your email address (also called a hash) may [&hellip;]<\/p>\n","protected":false},"author":1,"featured_media":0,"parent":0,"menu_order":0,"comment_status":"closed","ping_status":"closed","template":"","meta":{"_et_pb_use_builder":"on","_et_pb_old_content":"<!-- wp:heading -->\n<h2>Who we are<\/h2>\n<!-- \/wp:heading -->\n\n<!-- wp:paragraph -->\n<p><strong class=\"privacy-policy-tutorial\">Suggested text: <\/strong>Our website address is: http:\/\/2rlab.eu.<\/p>\n<!-- \/wp:paragraph -->\n\n<!-- wp:heading -->\n<h2>Comments<\/h2>\n<!-- \/wp:heading -->\n\n<!-- wp:paragraph -->\n<p><strong class=\"privacy-policy-tutorial\">Suggested text: <\/strong>When visitors leave comments on the site we collect the data shown in the comments form, and also the visitor\u2019s IP address and browser user agent string to help spam detection.<\/p>\n<!-- \/wp:paragraph -->\n\n<!-- wp:paragraph -->\n<p>An anonymized string created from your email address (also called a hash) may be provided to the Gravatar service to see if you are using it. The Gravatar service privacy policy is available here: https:\/\/automattic.com\/privacy\/. After approval of your comment, your profile picture is visible to the public in the context of your comment.<\/p>\n<!-- \/wp:paragraph -->\n\n<!-- wp:heading -->\n<h2>Media<\/h2>\n<!-- \/wp:heading -->\n\n<!-- wp:paragraph -->\n<p><strong class=\"privacy-policy-tutorial\">Suggested text: <\/strong>If you upload images to the website, you should avoid uploading images with embedded location data (EXIF GPS) included. Visitors to the website can download and extract any location data from images on the website.<\/p>\n<!-- \/wp:paragraph -->\n\n<!-- wp:heading -->\n<h2>Cookies<\/h2>\n<!-- \/wp:heading -->\n\n<!-- wp:paragraph -->\n<p><strong class=\"privacy-policy-tutorial\">Suggested text: <\/strong>If you leave a comment on our site you may opt-in to saving your name, email address and website in cookies. These are for your convenience so that you do not have to fill in your details again when you leave another comment. These cookies will last for one year.<\/p>\n<!-- \/wp:paragraph -->\n\n<!-- wp:paragraph -->\n<p>If you visit our login page, we will set a temporary cookie to determine if your browser accepts cookies. This cookie contains no personal data and is discarded when you close your browser.<\/p>\n<!-- \/wp:paragraph -->\n\n<!-- wp:paragraph -->\n<p>When you log in, we will also set up several cookies to save your login information and your screen display choices. Login cookies last for two days, and screen options cookies last for a year. If you select \"Remember Me\", your login will persist for two weeks. If you log out of your account, the login cookies will be removed.<\/p>\n<!-- \/wp:paragraph -->\n\n<!-- wp:paragraph -->\n<p>If you edit or publish an article, an additional cookie will be saved in your browser. This cookie includes no personal data and simply indicates the post ID of the article you just edited. It expires after 1 day.<\/p>\n<!-- \/wp:paragraph -->\n\n<!-- wp:heading -->\n<h2>Embedded content from other websites<\/h2>\n<!-- \/wp:heading -->\n\n<!-- wp:paragraph -->\n<p><strong class=\"privacy-policy-tutorial\">Suggested text: <\/strong>Articles on this site may include embedded content (e.g. videos, images, articles, etc.). Embedded content from other websites behaves in the exact same way as if the visitor has visited the other website.<\/p>\n<!-- \/wp:paragraph -->\n\n<!-- wp:paragraph -->\n<p>These websites may collect data about you, use cookies, embed additional third-party tracking, and monitor your interaction with that embedded content, including tracking your interaction with the embedded content if you have an account and are logged in to that website.<\/p>\n<!-- \/wp:paragraph -->\n\n<!-- wp:heading -->\n<h2>Who we share your data with<\/h2>\n<!-- \/wp:heading -->\n\n<!-- wp:paragraph -->\n<p><strong class=\"privacy-policy-tutorial\">Suggested text: <\/strong>If you request a password reset, your IP address will be included in the reset email.<\/p>\n<!-- \/wp:paragraph -->\n\n<!-- wp:heading -->\n<h2>How long we retain your data<\/h2>\n<!-- \/wp:heading -->\n\n<!-- wp:paragraph -->\n<p><strong class=\"privacy-policy-tutorial\">Suggested text: <\/strong>If you leave a comment, the comment and its metadata are retained indefinitely. This is so we can recognize and approve any follow-up comments automatically instead of holding them in a moderation queue.<\/p>\n<!-- \/wp:paragraph -->\n\n<!-- wp:paragraph -->\n<p>For users that register on our website (if any), we also store the personal information they provide in their user profile. All users can see, edit, or delete their personal information at any time (except they cannot change their username). Website administrators can also see and edit that information.<\/p>\n<!-- \/wp:paragraph -->\n\n<!-- wp:heading -->\n<h2>What rights you have over your data<\/h2>\n<!-- \/wp:heading -->\n\n<!-- wp:paragraph -->\n<p><strong class=\"privacy-policy-tutorial\">Suggested text: <\/strong>If you have an account on this site, or have left comments, you can request to receive an exported file of the personal data we hold about you, including any data you have provided to us. You can also request that we erase any personal data we hold about you. This does not include any data we are obliged to keep for administrative, legal, or security purposes.<\/p>\n<!-- \/wp:paragraph -->\n\n<!-- wp:heading -->\n<h2>Where your data is sent<\/h2>\n<!-- \/wp:heading -->\n\n<!-- wp:paragraph -->\n<p><strong class=\"privacy-policy-tutorial\">Suggested text: <\/strong>Visitor comments may be checked through an automated spam detection service.<\/p>\n<!-- \/wp:paragraph -->","_et_gb_content_width":"","footnotes":""},"class_list":["post-3","page","type-page","status-publish","hentry"],"_links":{"self":[{"href":"https:\/\/2rlab.eu\/lt\/wp-json\/wp\/v2\/pages\/3","targetHints":{"allow":["GET"]}}],"collection":[{"href":"https:\/\/2rlab.eu\/lt\/wp-json\/wp\/v2\/pages"}],"about":[{"href":"https:\/\/2rlab.eu\/lt\/wp-json\/wp\/v2\/types\/page"}],"author":[{"embeddable":true,"href":"https:\/\/2rlab.eu\/lt\/wp-json\/wp\/v2\/users\/1"}],"replies":[{"embeddable":true,"href":"https:\/\/2rlab.eu\/lt\/wp-json\/wp\/v2\/comments?post=3"}],"version-history":[{"count":6,"href":"https:\/\/2rlab.eu\/lt\/wp-json\/wp\/v2\/pages\/3\/revisions"}],"predecessor-version":[{"id":96,"href":"https:\/\/2rlab.eu\/lt\/wp-json\/wp\/v2\/pages\/3\/revisions\/96"}],"wp:attachment":[{"href":"https:\/\/2rlab.eu\/lt\/wp-json\/wp\/v2\/media?parent=3"}],"curies":[{"name":"wp","href":"https:\/\/api.w.org\/{rel}","templated":true}]}}