{"id":29,"date":"2022-12-10T15:22:25","date_gmt":"2022-12-10T15:22:25","guid":{"rendered":"http:\/\/2rlab.eu\/?page_id=29"},"modified":"2025-08-15T16:00:00","modified_gmt":"2025-08-15T16:00:00","slug":"home","status":"publish","type":"page","link":"https:\/\/2rlab.eu\/lt\/","title":{"rendered":"HOME"},"content":{"rendered":"<p>[et_pb_section fb_built=&#8221;1&#8243; _builder_version=&#8221;4.19.2&#8243; _module_preset=&#8221;default&#8221; animation_style=&#8221;roll&#8221; animation_direction=&#8221;top&#8221; animation_duration=&#8221;900ms&#8221; global_colors_info=&#8221;{}&#8221;][et_pb_row _builder_version=&#8221;4.19.2&#8243; _module_preset=&#8221;default&#8221; global_colors_info=&#8221;{}&#8221;][et_pb_column type=&#8221;4_4&#8243; _builder_version=&#8221;4.19.2&#8243; _module_preset=&#8221;default&#8221; global_colors_info=&#8221;{}&#8221;][et_pb_text _builder_version=&#8221;4.19.2&#8243; _module_preset=&#8221;default&#8221; text_orientation=&#8221;center&#8221; animation_style=&#8221;zoom&#8221; text_orientation_tablet=&#8221;center&#8221; text_orientation_phone=&#8221;center&#8221; text_orientation_last_edited=&#8221;on|desktop&#8221; content_es_es=&#8221;<\/p>\n<h2>Servicio de ingenier\u00eda de rally y competici\u00f3n. Asistencia en pista. Desarrollo de piezas. Electr\u00f3nica.<\/h2>\n<p>&#8221; content_lt_lt=&#8221;<\/p>\n<h2 class=%22p1%22><span class=%22s1%22>Ralio ir \u017eiedini\u0173 lenktyni\u0173 in\u017einerija. Pagalba trasoje. Detali\u0173 k\u016brimas. Elektronika.<\/span><\/h2>\n<p>&#8221; global_colors_info=&#8221;{}&#8221;]<\/p>\n<h2>Rally &amp; Racing Engineering Service. Track side support. Parts development. Motorsport Electronic.<\/h2>\n<p>[\/et_pb_text][et_pb_image src=&#8221;http:\/\/2rlab.eu\/wp-content\/uploads\/2022\/12\/2R.png&#8221; title_text=&#8221;2RLAB&#8221; show_bottom_space=&#8221;off&#8221; align=&#8221;center&#8221; show_bottom_space_tablet=&#8221;off&#8221; show_bottom_space_phone=&#8221;off&#8221; show_bottom_space_last_edited=&#8221;on|desktop&#8221; align_tablet=&#8221;center&#8221; align_phone=&#8221;left&#8221; align_last_edited=&#8221;on|phone&#8221; _builder_version=&#8221;4.19.2&#8243; _module_preset=&#8221;default&#8221; width=&#8221;39%&#8221; width_tablet=&#8221;53%&#8221; width_phone=&#8221;66%&#8221; width_last_edited=&#8221;on|desktop&#8221; module_alignment=&#8221;center&#8221; custom_margin=&#8221;0px||0px|0px|false|false&#8221; custom_padding=&#8221;0px|||104px|false|false&#8221; animation_style=&#8221;roll&#8221; animation_duration=&#8221;1400ms&#8221; animation_delay=&#8221;100ms&#8221; animation_intensity_roll=&#8221;43%&#8221; animation_starting_opacity=&#8221;27%&#8221; hover_enabled=&#8221;0&#8243; border_style_all=&#8221;none&#8221; global_colors_info=&#8221;{}&#8221; sticky_enabled=&#8221;0&#8243;][\/et_pb_image][et_pb_text _builder_version=&#8221;4.19.2&#8243; _module_preset=&#8221;default&#8221; text_orientation=&#8221;center&#8221; custom_padding=&#8221;||2px|||&#8221; animation_style=&#8221;zoom&#8221; text_orientation_tablet=&#8221;center&#8221; text_orientation_phone=&#8221;center&#8221; text_orientation_last_edited=&#8221;on|desktop&#8221; content_es_es=&#8221;<\/p>\n<h2>NUESTROS CLIENTES<\/h2>\n<p>&#8221; content_lt_lt=&#8221;<\/p>\n<h2 class=%22p1%22><span class=%22s1%22>M\u016aS\u0172 KLIENTAI<\/span><\/h2>\n<p>&#8221; global_colors_info=&#8221;{}&#8221;]<\/p>\n<h2>OUR CUSTOMERS<\/h2>\n<p>[\/et_pb_text][\/et_pb_column][\/et_pb_row][et_pb_row column_structure=&#8221;1_5,1_5,1_5,1_5,1_5&#8243; _builder_version=&#8221;4.19.2&#8243; _module_preset=&#8221;default&#8221; global_colors_info=&#8221;{}&#8221;][et_pb_column type=&#8221;1_5&#8243; _builder_version=&#8221;4.19.2&#8243; _module_preset=&#8221;default&#8221; global_colors_info=&#8221;{}&#8221;][et_pb_image src=&#8221;http:\/\/2rlab.eu\/wp-content\/uploads\/2025\/04\/HFT.gif&#8221; title_text=&#8221;HFT&#8221; _builder_version=&#8221;4.19.2&#8243; _module_preset=&#8221;default&#8221; custom_margin=&#8221;24px||||false|false&#8221; global_colors_info=&#8221;{}&#8221;][\/et_pb_image][\/et_pb_column][et_pb_column type=&#8221;1_5&#8243; _builder_version=&#8221;4.19.2&#8243; _module_preset=&#8221;default&#8221; global_colors_info=&#8221;{}&#8221;][et_pb_image src=&#8221;http:\/\/2rlab.eu\/wp-content\/uploads\/2025\/04\/RD-Signs.png&#8221; title_text=&#8221;RD-Signs&#8221; _builder_version=&#8221;4.19.2&#8243; _module_preset=&#8221;default&#8221; custom_margin=&#8221;20px||||false|false&#8221; global_colors_info=&#8221;{}&#8221;][\/et_pb_image][\/et_pb_column][et_pb_column type=&#8221;1_5&#8243; _builder_version=&#8221;4.19.2&#8243; _module_preset=&#8221;default&#8221; global_colors_info=&#8221;{}&#8221;][et_pb_image src=&#8221;http:\/\/2rlab.eu\/wp-content\/uploads\/2025\/04\/GSR.png&#8221; title_text=&#8221;GSR&#8221; _builder_version=&#8221;4.19.2&#8243; _module_preset=&#8221;default&#8221; custom_margin=&#8221;||64px||false|false&#8221; global_colors_info=&#8221;{}&#8221;][\/et_pb_image][\/et_pb_column][et_pb_column type=&#8221;1_5&#8243; _builder_version=&#8221;4.19.2&#8243; _module_preset=&#8221;default&#8221; global_colors_info=&#8221;{}&#8221;][et_pb_image src=&#8221;http:\/\/2rlab.eu\/wp-content\/uploads\/2025\/04\/BRO-RACING-2048&#215;767-1-e1744285650849.png&#8221; title_text=&#8221;BRO-RACING-2048&#215;767&#8243; _builder_version=&#8221;4.19.2&#8243; _module_preset=&#8221;default&#8221; custom_margin=&#8221;18px||||false|false&#8221; global_colors_info=&#8221;{}&#8221;][\/et_pb_image][\/et_pb_column][et_pb_column type=&#8221;1_5&#8243; _builder_version=&#8221;4.19.2&#8243; _module_preset=&#8221;default&#8221; global_colors_info=&#8221;{}&#8221;][et_pb_image src=&#8221;http:\/\/2rlab.eu\/wp-content\/uploads\/2025\/04\/JB.png&#8221; title_text=&#8221;JB&#8221; _builder_version=&#8221;4.19.2&#8243; _module_preset=&#8221;default&#8221; custom_margin=&#8221;7px||||false|false&#8221; global_colors_info=&#8221;{}&#8221;][\/et_pb_image][\/et_pb_column][\/et_pb_row][\/et_pb_section]<\/p>\n","protected":false},"excerpt":{"rendered":"<p>Rally &amp; Racing Engineering Service. Track side support. Parts development. Motorsport Electronic.OUR CUSTOMERS<\/p>\n","protected":false},"author":1,"featured_media":0,"parent":0,"menu_order":0,"comment_status":"closed","ping_status":"closed","template":"","meta":{"_et_pb_use_builder":"on","_et_pb_old_content":"","_et_gb_content_width":"","footnotes":""},"class_list":["post-29","page","type-page","status-publish","hentry"],"_links":{"self":[{"href":"https:\/\/2rlab.eu\/lt\/wp-json\/wp\/v2\/pages\/29","targetHints":{"allow":["GET"]}}],"collection":[{"href":"https:\/\/2rlab.eu\/lt\/wp-json\/wp\/v2\/pages"}],"about":[{"href":"https:\/\/2rlab.eu\/lt\/wp-json\/wp\/v2\/types\/page"}],"author":[{"embeddable":true,"href":"https:\/\/2rlab.eu\/lt\/wp-json\/wp\/v2\/users\/1"}],"replies":[{"embeddable":true,"href":"https:\/\/2rlab.eu\/lt\/wp-json\/wp\/v2\/comments?post=29"}],"version-history":[{"count":23,"href":"https:\/\/2rlab.eu\/lt\/wp-json\/wp\/v2\/pages\/29\/revisions"}],"predecessor-version":[{"id":221,"href":"https:\/\/2rlab.eu\/lt\/wp-json\/wp\/v2\/pages\/29\/revisions\/221"}],"wp:attachment":[{"href":"https:\/\/2rlab.eu\/lt\/wp-json\/wp\/v2\/media?parent=29"}],"curies":[{"name":"wp","href":"https:\/\/api.w.org\/{rel}","templated":true}]}}