{"id":29,"date":"2022-12-10T15:22:25","date_gmt":"2022-12-10T15:22:25","guid":{"rendered":"http:\/\/2rlab.eu\/?page_id=29"},"modified":"2025-08-15T16:00:00","modified_gmt":"2025-08-15T16:00:00","slug":"home","status":"publish","type":"page","link":"https:\/\/2rlab.eu\/es\/","title":{"rendered":"HOME"},"content":{"rendered":"<p>[et_pb_section fb_built=\u00bb1&#8243; _builder_version=\u00bb4.19.2&#8243; _module_preset=\u00bbdefault\u00bb animation_style=\u00bbroll\u00bb animation_direction=\u00bbtop\u00bb animation_duration=\u00bb900ms\u00bb global_colors_info=\u00bb{}\u00bb][et_pb_row _builder_version=\u00bb4.19.2&#8243; _module_preset=\u00bbdefault\u00bb global_colors_info=\u00bb{}\u00bb][et_pb_column type=\u00bb4_4&#8243; _builder_version=\u00bb4.19.2&#8243; _module_preset=\u00bbdefault\u00bb global_colors_info=\u00bb{}\u00bb][et_pb_text _builder_version=\u00bb4.19.2&#8243; _module_preset=\u00bbdefault\u00bb text_orientation=\u00bbcenter\u00bb animation_style=\u00bbzoom\u00bb text_orientation_tablet=\u00bbcenter\u00bb text_orientation_phone=\u00bbcenter\u00bb text_orientation_last_edited=\u00bbon|desktop\u00bb content_es_es=\u00bb<\/p>\n<h2>Servicio de ingenier\u00eda de rally y competici\u00f3n. Asistencia en pista. Desarrollo de piezas. Electr\u00f3nica.<\/h2>\n<p>\u00bb content_lt_lt=\u00bb<\/p>\n<h2 class=%22p1%22><span class=%22s1%22>Ralio ir \u017eiedini\u0173 lenktyni\u0173 in\u017einerija. Pagalba trasoje. Detali\u0173 k\u016brimas. Elektronika.<\/span><\/h2>\n<p>\u00bb global_colors_info=\u00bb{}\u00bb]<\/p>\n<h2>Rally &amp; Racing Engineering Service. Track side support. Parts development. Motorsport Electronic.<\/h2>\n<p>[\/et_pb_text][et_pb_image src=\u00bbhttp:\/\/2rlab.eu\/wp-content\/uploads\/2022\/12\/2R.png\u00bb title_text=\u00bb2RLAB\u00bb show_bottom_space=\u00bboff\u00bb align=\u00bbcenter\u00bb show_bottom_space_tablet=\u00bboff\u00bb show_bottom_space_phone=\u00bboff\u00bb show_bottom_space_last_edited=\u00bbon|desktop\u00bb align_tablet=\u00bbcenter\u00bb align_phone=\u00bbleft\u00bb align_last_edited=\u00bbon|phone\u00bb _builder_version=\u00bb4.19.2&#8243; _module_preset=\u00bbdefault\u00bb width=\u00bb39%\u00bb width_tablet=\u00bb53%\u00bb width_phone=\u00bb66%\u00bb width_last_edited=\u00bbon|desktop\u00bb module_alignment=\u00bbcenter\u00bb custom_margin=\u00bb0px||0px|0px|false|false\u00bb custom_padding=\u00bb0px|||104px|false|false\u00bb animation_style=\u00bbroll\u00bb animation_duration=\u00bb1400ms\u00bb animation_delay=\u00bb100ms\u00bb animation_intensity_roll=\u00bb43%\u00bb animation_starting_opacity=\u00bb27%\u00bb hover_enabled=\u00bb0&#8243; border_style_all=\u00bbnone\u00bb global_colors_info=\u00bb{}\u00bb sticky_enabled=\u00bb0&#8243;][\/et_pb_image][et_pb_text _builder_version=\u00bb4.19.2&#8243; _module_preset=\u00bbdefault\u00bb text_orientation=\u00bbcenter\u00bb custom_padding=\u00bb||2px|||\u00bb animation_style=\u00bbzoom\u00bb text_orientation_tablet=\u00bbcenter\u00bb text_orientation_phone=\u00bbcenter\u00bb text_orientation_last_edited=\u00bbon|desktop\u00bb content_es_es=\u00bb<\/p>\n<h2>NUESTROS CLIENTES<\/h2>\n<p>\u00bb content_lt_lt=\u00bb<\/p>\n<h2 class=%22p1%22><span class=%22s1%22>M\u016aS\u0172 KLIENTAI<\/span><\/h2>\n<p>\u00bb global_colors_info=\u00bb{}\u00bb]<\/p>\n<h2>OUR CUSTOMERS<\/h2>\n<p>[\/et_pb_text][\/et_pb_column][\/et_pb_row][et_pb_row column_structure=\u00bb1_5,1_5,1_5,1_5,1_5&#8243; _builder_version=\u00bb4.19.2&#8243; _module_preset=\u00bbdefault\u00bb global_colors_info=\u00bb{}\u00bb][et_pb_column type=\u00bb1_5&#8243; _builder_version=\u00bb4.19.2&#8243; _module_preset=\u00bbdefault\u00bb global_colors_info=\u00bb{}\u00bb][et_pb_image src=\u00bbhttp:\/\/2rlab.eu\/wp-content\/uploads\/2025\/04\/HFT.gif\u00bb title_text=\u00bbHFT\u00bb _builder_version=\u00bb4.19.2&#8243; _module_preset=\u00bbdefault\u00bb custom_margin=\u00bb24px||||false|false\u00bb global_colors_info=\u00bb{}\u00bb][\/et_pb_image][\/et_pb_column][et_pb_column type=\u00bb1_5&#8243; _builder_version=\u00bb4.19.2&#8243; _module_preset=\u00bbdefault\u00bb global_colors_info=\u00bb{}\u00bb][et_pb_image src=\u00bbhttp:\/\/2rlab.eu\/wp-content\/uploads\/2025\/04\/RD-Signs.png\u00bb title_text=\u00bbRD-Signs\u00bb _builder_version=\u00bb4.19.2&#8243; _module_preset=\u00bbdefault\u00bb custom_margin=\u00bb20px||||false|false\u00bb global_colors_info=\u00bb{}\u00bb][\/et_pb_image][\/et_pb_column][et_pb_column type=\u00bb1_5&#8243; _builder_version=\u00bb4.19.2&#8243; _module_preset=\u00bbdefault\u00bb global_colors_info=\u00bb{}\u00bb][et_pb_image src=\u00bbhttp:\/\/2rlab.eu\/wp-content\/uploads\/2025\/04\/GSR.png\u00bb title_text=\u00bbGSR\u00bb _builder_version=\u00bb4.19.2&#8243; _module_preset=\u00bbdefault\u00bb custom_margin=\u00bb||64px||false|false\u00bb global_colors_info=\u00bb{}\u00bb][\/et_pb_image][\/et_pb_column][et_pb_column type=\u00bb1_5&#8243; _builder_version=\u00bb4.19.2&#8243; _module_preset=\u00bbdefault\u00bb global_colors_info=\u00bb{}\u00bb][et_pb_image src=\u00bbhttp:\/\/2rlab.eu\/wp-content\/uploads\/2025\/04\/BRO-RACING-2048&#215;767-1-e1744285650849.png\u00bb title_text=\u00bbBRO-RACING-2048&#215;767&#8243; _builder_version=\u00bb4.19.2&#8243; _module_preset=\u00bbdefault\u00bb custom_margin=\u00bb18px||||false|false\u00bb global_colors_info=\u00bb{}\u00bb][\/et_pb_image][\/et_pb_column][et_pb_column type=\u00bb1_5&#8243; _builder_version=\u00bb4.19.2&#8243; _module_preset=\u00bbdefault\u00bb global_colors_info=\u00bb{}\u00bb][et_pb_image src=\u00bbhttp:\/\/2rlab.eu\/wp-content\/uploads\/2025\/04\/JB.png\u00bb title_text=\u00bbJB\u00bb _builder_version=\u00bb4.19.2&#8243; _module_preset=\u00bbdefault\u00bb custom_margin=\u00bb7px||||false|false\u00bb global_colors_info=\u00bb{}\u00bb][\/et_pb_image][\/et_pb_column][\/et_pb_row][\/et_pb_section]<\/p>\n","protected":false},"excerpt":{"rendered":"<p>Rally &amp; Racing Engineering Service. Track side support. Parts development. Motorsport Electronic.OUR CUSTOMERS<\/p>\n","protected":false},"author":1,"featured_media":0,"parent":0,"menu_order":0,"comment_status":"closed","ping_status":"closed","template":"","meta":{"_et_pb_use_builder":"on","_et_pb_old_content":"","_et_gb_content_width":"","footnotes":""},"class_list":["post-29","page","type-page","status-publish","hentry"],"_links":{"self":[{"href":"https:\/\/2rlab.eu\/es\/wp-json\/wp\/v2\/pages\/29","targetHints":{"allow":["GET"]}}],"collection":[{"href":"https:\/\/2rlab.eu\/es\/wp-json\/wp\/v2\/pages"}],"about":[{"href":"https:\/\/2rlab.eu\/es\/wp-json\/wp\/v2\/types\/page"}],"author":[{"embeddable":true,"href":"https:\/\/2rlab.eu\/es\/wp-json\/wp\/v2\/users\/1"}],"replies":[{"embeddable":true,"href":"https:\/\/2rlab.eu\/es\/wp-json\/wp\/v2\/comments?post=29"}],"version-history":[{"count":23,"href":"https:\/\/2rlab.eu\/es\/wp-json\/wp\/v2\/pages\/29\/revisions"}],"predecessor-version":[{"id":221,"href":"https:\/\/2rlab.eu\/es\/wp-json\/wp\/v2\/pages\/29\/revisions\/221"}],"wp:attachment":[{"href":"https:\/\/2rlab.eu\/es\/wp-json\/wp\/v2\/media?parent=29"}],"curies":[{"name":"wp","href":"https:\/\/api.w.org\/{rel}","templated":true}]}}